{"id":281,"date":"2025-03-04T16:33:25","date_gmt":"2025-03-04T16:33:25","guid":{"rendered":"https:\/\/furn.mx\/?post_type=product&#038;p=281"},"modified":"2025-11-13T02:56:33","modified_gmt":"2025-11-13T02:56:33","slug":"net-ohe-503-sillon-ejecutivo","status":"publish","type":"product","link":"https:\/\/furn.mx\/index.php\/producto\/net-ohe-503-sillon-ejecutivo\/","title":{"rendered":"Net OHE-503 G \u2013 Sill\u00f3n Ejecutivo"},"content":{"rendered":"<h3 data-start=\"5073\" data-end=\"5113\"><strong data-start=\"5077\" data-end=\"5111\">Net OHE-503 \u2013 Sill\u00f3n Ejecutivo<\/strong><\/h3>\n<p data-start=\"302\" data-end=\"407\"><strong data-start=\"302\" data-end=\"315\">Material:<\/strong><br data-start=\"315\" data-end=\"318\" \/>Poliamida, poliacrilonitrilo, filamentos de carbono, malla transpirable, acero y nylon.<\/p>\n<p data-start=\"409\" data-end=\"547\"><strong data-start=\"409\" data-end=\"418\">Base:<\/strong><br data-start=\"418\" data-end=\"421\" \/>Base pentagonal de poliamida nervada en forma piramidal con rodajas dobles de nylon y poliuretano para f\u00e1cil desplazamiento.<\/p>\n<p data-start=\"549\" data-end=\"676\" data-is-last-node=\"\" data-is-only-node=\"\"><strong data-start=\"549\" data-end=\"563\">Uso ideal:<\/strong><br data-start=\"563\" data-end=\"566\" \/>Perfecta para oficinas, estaciones de trabajo o salas de juntas que requieren comodidad, dise\u00f1o y movilida<\/p>\n","protected":false},"excerpt":{"rendered":"<h3 data-start=\"6099\" data-end=\"6139\"><strong data-start=\"6103\" data-end=\"6137\">Net OHE-503 \u2013 Sill\u00f3n Ejecutivo<\/strong><\/h3>\n<p data-start=\"0\" data-end=\"300\">La silla ejecutiva NET OHE-503 combina un dise\u00f1o ergon\u00f3mico con respaldo medio y asiento de malla transpirable que se adapta a la forma del cuerpo. Su base resistente, sistema de elevaci\u00f3n neum\u00e1tico y mecanismo de inclinaci\u00f3n proporcionan confort y funcionalidad en todo momento.<\/p>\n<p data-start=\"302\" data-end=\"407\">\n","protected":false},"featured_media":283,"comment_status":"open","ping_status":"closed","template":"","meta":[],"product_brand":[40,37],"product_cat":[31],"product_tag":[43,35,44,42,36,32],"class_list":{"0":"post-281","1":"product","2":"type-product","3":"status-publish","4":"has-post-thumbnail","6":"product_brand-offiho-black","7":"product_brand-offiho","8":"product_cat-sillas-oficina","9":"product_tag-black","10":"product_tag-ejecutiva","11":"product_tag-net","12":"product_tag-offiho","13":"product_tag-oficina","14":"product_tag-silla","16":"first","17":"instock","18":"taxable","19":"shipping-taxable","20":"purchasable","21":"product-type-simple"},"_links":{"self":[{"href":"https:\/\/furn.mx\/index.php\/wp-json\/wp\/v2\/product\/281","targetHints":{"allow":["GET"]}}],"collection":[{"href":"https:\/\/furn.mx\/index.php\/wp-json\/wp\/v2\/product"}],"about":[{"href":"https:\/\/furn.mx\/index.php\/wp-json\/wp\/v2\/types\/product"}],"replies":[{"embeddable":true,"href":"https:\/\/furn.mx\/index.php\/wp-json\/wp\/v2\/comments?post=281"}],"wp:featuredmedia":[{"embeddable":true,"href":"https:\/\/furn.mx\/index.php\/wp-json\/wp\/v2\/media\/283"}],"wp:attachment":[{"href":"https:\/\/furn.mx\/index.php\/wp-json\/wp\/v2\/media?parent=281"}],"wp:term":[{"taxonomy":"product_brand","embeddable":true,"href":"https:\/\/furn.mx\/index.php\/wp-json\/wp\/v2\/product_brand?post=281"},{"taxonomy":"product_cat","embeddable":true,"href":"https:\/\/furn.mx\/index.php\/wp-json\/wp\/v2\/product_cat?post=281"},{"taxonomy":"product_tag","embeddable":true,"href":"https:\/\/furn.mx\/index.php\/wp-json\/wp\/v2\/product_tag?post=281"}],"curies":[{"name":"wp","href":"https:\/\/api.w.org\/{rel}","templated":true}]}}